{"id":7114,"date":"2024-08-26T19:00:08","date_gmt":"2024-08-26T16:00:08","guid":{"rendered":"http:\/\/vincom.ee\/privaatsuspoliitika\/"},"modified":"2024-12-08T23:10:16","modified_gmt":"2024-12-08T20:10:16","slug":"privaatsuspoliitika","status":"publish","type":"page","link":"https:\/\/ecobirch.eu\/de\/privaatsuspoliitika\/","title":{"rendered":"Datenschutzerkl\u00e4rung"},"content":{"rendered":"<div data-elementor-type=\"wp-page\" data-elementor-id=\"7114\" class=\"elementor elementor-7114\" data-elementor-post-type=\"page\">\n\t\t\t\t<div class=\"elementor-element elementor-element-25d2e4b e-flex e-con-boxed e-con e-parent\" data-id=\"25d2e4b\" data-element_type=\"container\" data-e-type=\"container\" data-settings=\"{&quot;background_background&quot;:&quot;classic&quot;}\">\n\t\t\t\t\t<div class=\"e-con-inner\">\n\t\t\t\t<div class=\"elementor-element elementor-element-43b2cbb1 elementor-widget elementor-widget-heading\" data-id=\"43b2cbb1\" data-element_type=\"widget\" data-e-type=\"widget\" data-widget_type=\"heading.default\">\n\t\t\t\t<div class=\"elementor-widget-container\">\n\t\t\t\t\t<h3 class=\"elementor-heading-title elementor-size-default\">Datenschutzrichtlinie und Verarbeitung personenbezogener Daten<\/h3>\t\t\t\t<\/div>\n\t\t\t\t<\/div>\n\t\t\t\t<div class=\"elementor-element elementor-element-260a7f2e elementor-widget elementor-widget-text-editor\" data-id=\"260a7f2e\" data-element_type=\"widget\" data-e-type=\"widget\" data-widget_type=\"text-editor.default\">\n\t\t\t\t<div class=\"elementor-widget-container\">\n\t\t\t\t\t\t\t\t\t<p><strong>Verantwortlicher Datenverarbeiter Ecobirch AS<\/strong><\/p><p>Zulassungsnummer: 10899065<br \/>Adresse: Landkreis P\u00e4rnu, Stadt P\u00e4rnu, Niidu 11a, 80010, Estland<br \/>E-Mail: ecobirch@ecobirch.ee<\/p>\t\t\t\t\t\t\t\t<\/div>\n\t\t\t\t<\/div>\n\t\t\t\t\t<\/div>\n\t\t\t\t<\/div>\n\t\t<div class=\"elementor-element elementor-element-6d77a97c e-flex e-con-boxed e-con e-parent\" data-id=\"6d77a97c\" data-element_type=\"container\" data-e-type=\"container\">\n\t\t\t\t\t<div class=\"e-con-inner\">\n\t\t\t\t<div class=\"elementor-element elementor-element-233cf519 elementor-widget elementor-widget-text-editor\" data-id=\"233cf519\" data-element_type=\"widget\" data-e-type=\"widget\" data-widget_type=\"text-editor.default\">\n\t\t\t\t<div class=\"elementor-widget-container\">\n\t\t\t\t\t\t\t\t\t<p>Personenbezogene Daten sind Informationen, die wir zur Erbringung von Dienstleistungen, zur Identifizierung einer Person, zur Kontaktaufnahme mit der Person f\u00fcr die Dienstleistungserbringung oder zur L\u00f6sung von Problemen erheben. Wir verarbeiten keine sensiblen personenbezogenen Daten, wie sie in der Verordnung (EU) 2016\/679 des Europ\u00e4ischen Parlaments und des Rates (Allgemeine Datenschutzverordnung, GDPR oder EU-Verordnung 2016\/679) definiert sind.<\/p><p><br><\/p>\n<p><\/p>\n<p><b>Begriffsbestimmungen<\/b><\/p>\n<p>Der Verantwortliche ist eine nat\u00fcrliche oder juristische Person, eine Beh\u00f6rde, eine Einrichtung oder eine andere Stelle, die die Zwecke und Mittel der Verarbeitung personenbezogener Daten bestimmt;<\/p>\n<p>Der Auftragsverarbeiter ist eine nat\u00fcrliche oder juristische Person, eine Beh\u00f6rde, eine Einrichtung oder eine andere Stelle, die personenbezogene Daten im Auftrag des Verantwortlichen verarbeitet;<\/p>\n<p>Personenbezogene Daten sind alle Informationen, die sich auf eine identifizierte oder identifizierbare nat\u00fcrliche Person (\u201ebetroffene Person\u201c) beziehen; eine identifizierbare nat\u00fcrliche Person ist eine Person, die direkt oder indirekt identifiziert werden kann, insbesondere anhand eines Identifikators wie Name, Personenkennziffer, Standortdaten, Online-Kennung oder anhand eines oder mehrerer physischer, physiologischer, genetischer, psychischer, wirtschaftlicher, kultureller oder sozialer Merkmale dieser nat\u00fcrlichen Person;<\/p>\n<p>Verarbeitung personenbezogener Daten \u2013 jede automatisierte oder nicht automatisierte Handlung oder Reihe von Handlungen, die mit personenbezogenen Daten oder Datens\u00e4tzen durchgef\u00fchrt wird, wie das Erheben, Erfassen, Organisieren, Strukturieren, Speichern, Anpassen oder Ver\u00e4ndern, Abfragen, Einsehen, Verwenden, \u00dcbermitteln, Verbreiten oder anderweitiges Bereitstellen, Abgleichen oder Verkn\u00fcpfen, Einschr\u00e4nken, L\u00f6schen oder Vernichten;<\/p>\n<p>Ein \u201eCookie\u201c ist eine kleine Textdatei, die eine Website auf deinem Computer oder Smart-Ger\u00e4t speichert, wenn du unsere Website besuchst. Dadurch k\u00f6nnen Informationen \u00fcber Pr\u00e4ferenzen gespeichert werden, sodass du beim erneuten Besuch der Seite oder beim Durchsuchen der Seiten nicht erneut Auswahlen treffen musst.<\/p><p><br><\/p>\n<p><\/p>\n<p><b>Welche personenbezogenen Daten erfassen wir und zu welchem Zweck?<\/b><\/p>\n<p>Ecobirch AS erhebt die folgenden Daten:<\/p>\n<p>Name<br><span style=\"font-style: inherit; text-align: var(--text-align);\">E-Mail-Adresse<\/span><\/p>\n<p>Falls Sie \u00fcber unsere Website weitere Informationen zu einer Dienstleistung erhalten m\u00f6chten, erheben und verarbeiten wir die folgenden personenbezogenen Daten \u2013 Ihren Namen und Ihre E-Mail-Adresse. Anfragen k\u00f6nnen \u00fcber das entsprechende Kontaktformular oder per E-Mail an die auf der Website angegebenen Adressen gestellt werden. Zur Angebotserstellung nutzen wir zudem Daten aus einer Kreditauskunft \u00fcber das Unternehmen.<\/p>\n<p>Die rechtliche Grundlage f\u00fcr eine solche Verarbeitung personenbezogener Daten ist die Verarbeitung, die zur Erf\u00fcllung eines Vertrags erforderlich ist, an dem die betroffene Person beteiligt ist, oder zur Durchf\u00fchrung vorvertraglicher Ma\u00dfnahmen auf Antrag der betroffenen Person (DSGVO Artikel 6(1)(b)).<\/p><p><br><\/p>\n<p><b>Statistik zum Website-Browsing<\/b><\/p>\n<p>Beim Besuch von Websites werden nicht-personenbezogene technische Daten \u00fcber den Besucher erfasst.<\/p>\n<p>Technische Daten beschr\u00e4nken sich auf die Internetadresse (IP-Adresse) des verwendeten Computers oder Netzwerks, die Softwareversion des Webbrowsers und Betriebssystems des Computers sowie die Uhrzeit (Stunde, Datum, Jahr) und den Ort des Besuchs. IP-Adressen werden nicht mit personenbezogenen Informationen verkn\u00fcpft.<\/p>\n<p>Zur Erfassung der oben genannten Daten verwenden wir das automatisierte Tool Google Analytics. Wenn Sie nicht m\u00f6chten, dass diese Daten \u00fcber Sie \u00fcbermittelt werden, k\u00f6nnen Sie die Datenerfassung durch Google Analytics jederzeit deaktivieren.<\/p><p><br><\/p>\n<p><strong>Cookies<\/strong><\/p>\n<p>Unsere Websites verwenden Cookies, um die Qualit\u00e4t der angebotenen Dienstleistungen zu verbessern. Wir verwenden Sitzungscookies, permanente Cookies und Cookies von Drittanbietern (Google Analytics, Facebook), um neue und wiederkehrende Kunden zu identifizieren.<\/p>\n<p>Um sich deine Pr\u00e4ferenzen zu merken, wie Sprache, Farbkontraste oder Schriftgr\u00f6\u00dfe.\nUm zu speichern, ob du der Verwendung unserer Cookies auf dieser Website zugestimmt hast oder nicht. Um verl\u00e4ssliche Informationen \u00fcber die Nutzung der Website zu sammeln, damit wir messen k\u00f6nnen, wie gut die Seite den Bed\u00fcrfnissen der Nutzer entspricht, und m\u00f6gliche Verbesserungen vornehmen k\u00f6nnen. Das Zulassen von Cookies ist nicht zwingend erforderlich f\u00fcr die grundlegende Funktionalit\u00e4t der Website, verbessert jedoch das Nutzungserlebnis. Falls gew\u00fcnscht, kannst du Cookies jederzeit l\u00f6schen oder blockieren; dadurch k\u00f6nnten jedoch einige Funktionen der Website nicht wie vorgesehen funktionieren.<\/p>\n<p>Bitte beachte, dass einige Cookies von Drittanbietern stammen, die bestimmte dieser Aufgaben in unserem Auftrag ausf\u00fchren. Die mit Cookies verbundenen Informationen werden nicht zur pers\u00f6nlichen Identifizierung verwendet, und die gesammelten Daten bleiben unter unserer Kontrolle. Cookies werden ausschlie\u00dflich f\u00fcr die oben beschriebenen Zwecke genutzt.<\/p><p><br><\/p>\n<p><b>Wie lange speichern wir Daten?<br><\/b>Nicht-personenbezogene technische Daten, die auf der Website erfasst werden, werden unbegrenzt gespeichert.&nbsp;<\/p>\n<p>Wir speichern personenbezogene und Kundendaten so lange, wie es erforderlich ist: 1) Zur Bereitstellung von Dienstleistungen und Informationen 2) Zur Kommunikation \u00fcber eingereichte Anfragen 3) Zur Sicherstellung der Aus\u00fcbung von Auswahlm\u00f6glichkeiten und Rechten<\/p><p><br><\/p>\n<p><strong>Weitergabe personenbezogener Daten<\/strong><\/p>\n<p>Wir k\u00f6nnen deine personenbezogenen Daten, Kundendaten oder Gesch\u00e4ftsinformationen Unternehmen zur Verf\u00fcgung stellen, die Dienstleistungen zur Unterst\u00fctzung unserer Gesch\u00e4ftst\u00e4tigkeit anbieten, wie z. B. Website-Analysen oder Kundendienstanbieter. Diese Unternehmen sind nur berechtigt, personenbezogene Daten, Kundendaten oder Gesch\u00e4ftsinformationen zu verwenden, um uns Dienstleistungen bereitzustellen. Bei der Auswahl von Dienstleistern stellen wir sicher, dass diese im Europ\u00e4ischen Wirtschaftsraum ans\u00e4ssig sind.<\/p>\n<p>Wir geben deine personenbezogenen Daten, Kundendaten oder Gesch\u00e4ftsinformationen nur in der in der Datenschutzerkl\u00e4rung beschriebenen Weise an Dritte weiter. Wir verkaufen deine personenbezogenen Daten nicht an Dritte.<\/p><p><br><\/p>\n<p><strong>Rechte<\/strong><\/p>\n<p>In bestimmten F\u00e4llen hast du das Recht, die Einschr\u00e4nkung der Verarbeitung deiner personenbezogenen Daten zu verlangen und Widerspruch gegen die Verarbeitung deiner personenbezogenen Daten einzulegen.<\/p>\n<p>Wenn du der Meinung bist, dass deine Privatsph\u00e4re verletzt wurde, kontaktiere bitte den verantwortlichen Datenverarbeiter. Du hast au\u00dferdem das Recht, eine Beschwerde bei der Datenschutzaufsichtsbeh\u00f6rde des Landes einzureichen, in dem sich dein dauerhafter Wohnsitz befindet.<\/p><p><br><\/p>\n<p><b>Widerruf der Einwilligung zur Verarbeitung personenbezogener Daten<\/b><\/p>\n<p>Wenn du \u201evergessen\u201c werden m\u00f6chtest, informiere uns bitte per E-Mail an ecobirch@ecobirch.ee. Auf Antrag werden wir die mit deiner Anfrage\/deinen Anfragen verbundenen Informationen aus unseren Systemen entfernen.<\/p>\t\t\t\t\t\t\t\t<\/div>\n\t\t\t\t<\/div>\n\t\t\t\t\t<\/div>\n\t\t\t\t<\/div>\n\t\t\t\t<\/div>","protected":false},"excerpt":{"rendered":"<p>Privaatsuspoliitika ja isikuandmete t\u00f6\u00f6tlemine\u200b Vastutav andmet\u00f6\u00f6tleja Ecobirch AS Registrikood: 10899065Aadress: P\u00e4rnu maakond, P\u00e4rnu linn, Niidu tn 11a, 80010, EestiEmail: ecobirch@ecobirch.ee Isikuandmed on andmed, mida kogume teenuse osutamiseks, isiku tuvastamiseks, isikuga \u00fchenduse v\u00f5tmiseks teenuse osutamiseks v\u00f5i k\u00fcsimuste lahendamiseks. Me ei t\u00f6\u00f6tle EUROOPA PARLAMENDI JA N\u00d5UKOGU M\u00c4\u00c4RUS (EL) 2016\/679 (inglise keeles General Data Protection Regulation ehk GDPR [&hellip;]<\/p>\n","protected":false},"author":1,"featured_media":0,"parent":0,"menu_order":0,"comment_status":"closed","ping_status":"closed","template":"elementor_header_footer","meta":{"_acf_changed":false,"footnotes":""},"class_list":["post-7114","page","type-page","status-publish","hentry"],"acf":[],"_links":{"self":[{"href":"https:\/\/ecobirch.eu\/de\/wp-json\/wp\/v2\/pages\/7114","targetHints":{"allow":["GET"]}}],"collection":[{"href":"https:\/\/ecobirch.eu\/de\/wp-json\/wp\/v2\/pages"}],"about":[{"href":"https:\/\/ecobirch.eu\/de\/wp-json\/wp\/v2\/types\/page"}],"author":[{"embeddable":true,"href":"https:\/\/ecobirch.eu\/de\/wp-json\/wp\/v2\/users\/1"}],"replies":[{"embeddable":true,"href":"https:\/\/ecobirch.eu\/de\/wp-json\/wp\/v2\/comments?post=7114"}],"version-history":[{"count":0,"href":"https:\/\/ecobirch.eu\/de\/wp-json\/wp\/v2\/pages\/7114\/revisions"}],"wp:attachment":[{"href":"https:\/\/ecobirch.eu\/de\/wp-json\/wp\/v2\/media?parent=7114"}],"curies":[{"name":"wp","href":"https:\/\/api.w.org\/{rel}","templated":true}]}}