{"id":13972,"date":"2024-11-15T15:40:43","date_gmt":"2024-11-15T12:40:43","guid":{"rendered":"https:\/\/ecobirch.eu\/?page_id=13972"},"modified":"2025-10-09T15:40:33","modified_gmt":"2025-10-09T12:40:33","slug":"artiklid","status":"publish","type":"page","link":"https:\/\/ecobirch.eu\/en\/artiklid\/","title":{"rendered":"Articles"},"content":{"rendered":"<div data-elementor-type=\"wp-page\" data-elementor-id=\"13972\" class=\"elementor elementor-13972\" data-elementor-post-type=\"page\">\n\t\t\t\t<div class=\"elementor-element elementor-element-73cc781 e-flex e-con-boxed e-con e-parent\" data-id=\"73cc781\" data-element_type=\"container\" data-e-type=\"container\" data-settings=\"{&quot;background_background&quot;:&quot;classic&quot;}\">\n\t\t\t\t\t<div class=\"e-con-inner\">\n\t\t<div class=\"elementor-element elementor-element-a4b156a e-flex e-con-boxed e-con e-child\" data-id=\"a4b156a\" data-element_type=\"container\" data-e-type=\"container\">\n\t\t\t\t\t<div class=\"e-con-inner\">\n\t\t\t\t<div class=\"elementor-element elementor-element-6c147a5 elementor-widget elementor-widget-heading\" data-id=\"6c147a5\" data-element_type=\"widget\" data-e-type=\"widget\" data-widget_type=\"heading.default\">\n\t\t\t\t<div class=\"elementor-widget-container\">\n\t\t\t\t\t<h2 class=\"elementor-heading-title elementor-size-default\">Articles<\/h2>\t\t\t\t<\/div>\n\t\t\t\t<\/div>\n\t\t\t\t<div class=\"elementor-element elementor-element-c9570a6 elementor-widget__width-initial elementor-widget elementor-widget-text-editor\" data-id=\"c9570a6\" data-element_type=\"widget\" data-e-type=\"widget\" data-widget_type=\"text-editor.default\">\n\t\t\t\t<div class=\"elementor-widget-container\">\n\t\t\t\t\t\t\t\t\t<p>We share tips and inspiration, discuss trends, the industry, and our people<\/p>\t\t\t\t\t\t\t\t<\/div>\n\t\t\t\t<\/div>\n\t\t<div class=\"elementor-element elementor-element-a078d9d e-con-full e-grid e-con e-child\" data-id=\"a078d9d\" data-element_type=\"container\" data-e-type=\"container\">\n\t\t\t\t<div class=\"elementor-element elementor-element-7eca69e elementor-grid-2 elementor-posts--align-left elementor-grid-tablet-2 elementor-grid-mobile-1 elementor-posts--thumbnail-top elementor-posts--show-avatar elementor-card-shadow-yes elementor-posts__hover-gradient elementor-widget elementor-widget-posts\" data-id=\"7eca69e\" data-element_type=\"widget\" data-e-type=\"widget\" data-settings=\"{&quot;cards_columns&quot;:&quot;2&quot;,&quot;cards_row_gap&quot;:{&quot;unit&quot;:&quot;px&quot;,&quot;size&quot;:60,&quot;sizes&quot;:[]},&quot;cards_row_gap_mobile&quot;:{&quot;unit&quot;:&quot;px&quot;,&quot;size&quot;:60,&quot;sizes&quot;:[]},&quot;cards_columns_tablet&quot;:&quot;2&quot;,&quot;cards_columns_mobile&quot;:&quot;1&quot;,&quot;cards_row_gap_tablet_extra&quot;:{&quot;unit&quot;:&quot;px&quot;,&quot;size&quot;:&quot;&quot;,&quot;sizes&quot;:[]},&quot;cards_row_gap_tablet&quot;:{&quot;unit&quot;:&quot;px&quot;,&quot;size&quot;:&quot;&quot;,&quot;sizes&quot;:[]}}\" data-widget_type=\"posts.cards\">\n\t\t\t\t<div class=\"elementor-widget-container\">\n\t\t\t\t\t\t\t<div class=\"elementor-posts-container elementor-posts elementor-posts--skin-cards elementor-grid\" role=\"list\">\n\t\t\t\t<article class=\"elementor-post elementor-grid-item post-19303 post type-post status-publish format-standard has-post-thumbnail hentry category-toostus\" role=\"listitem\">\n\t\t\t<div class=\"elementor-post__card\">\n\t\t\t\t<a class=\"elementor-post__thumbnail__link\" href=\"https:\/\/ecobirch.eu\/en\/ecobirchi-samm-digitaalse-personalihalduse-suunas-wemply\/\" tabindex=\"-1\" ><div class=\"elementor-post__thumbnail\"><img fetchpriority=\"high\" decoding=\"async\" width=\"300\" height=\"200\" src=\"https:\/\/ecobirch.eu\/wp-content\/uploads\/2025\/10\/Ecobirch-165-2-300x200.webp\" class=\"attachment-medium size-medium wp-image-19315\" alt=\"Worker stacking wooden panels in factory.\" srcset=\"https:\/\/ecobirch.eu\/wp-content\/uploads\/2025\/10\/Ecobirch-165-2-300x200.webp 300w, https:\/\/ecobirch.eu\/wp-content\/uploads\/2025\/10\/Ecobirch-165-2-1024x683.webp 1024w, https:\/\/ecobirch.eu\/wp-content\/uploads\/2025\/10\/Ecobirch-165-2-768x512.webp 768w, https:\/\/ecobirch.eu\/wp-content\/uploads\/2025\/10\/Ecobirch-165-2-1536x1024.webp 1536w, https:\/\/ecobirch.eu\/wp-content\/uploads\/2025\/10\/Ecobirch-165-2-18x12.webp 18w, https:\/\/ecobirch.eu\/wp-content\/uploads\/2025\/10\/Ecobirch-165-2.webp 1920w\" sizes=\"(max-width: 300px) 100vw, 300px\" \/><\/div><\/a>\n\t\t\t\t<div class=\"elementor-post__badge\">industry<\/div>\n\t\t\t\t<div class=\"elementor-post__avatar\">\n\t\t\t<img alt='Mereli T\u00f5nisson' src='https:\/\/ecobirch.eu\/wp-content\/uploads\/2024\/12\/cropped-IMG_9554-3-scaled-e1733691686442-128x128.jpg' srcset='https:\/\/ecobirch.eu\/wp-content\/uploads\/2024\/12\/cropped-IMG_9554-3-scaled-e1733691686442-256x256.jpg 2x' class='avatar avatar-128 photo' height='128' width='128' \/>\t\t<\/div>\n\t\t\t\t<div class=\"elementor-post__text\">\n\t\t\t\t<h1 class=\"elementor-post__title\">\n\t\t\t<a href=\"https:\/\/ecobirch.eu\/en\/ecobirchi-samm-digitaalse-personalihalduse-suunas-wemply\/\" >\n\t\t\t\tEcobirch\u2019s Step Toward Digital HR Management \u2013 Wemply\t\t\t<\/a>\n\t\t<\/h1>\n\t\t\t\t<\/div>\n\t\t\t\t\t<\/div>\n\t\t<\/article>\n\t\t\t\t<article class=\"elementor-post elementor-grid-item post-13343 post type-post status-publish format-standard has-post-thumbnail hentry category-inspiratsioon\" role=\"listitem\">\n\t\t\t<div class=\"elementor-post__card\">\n\t\t\t\t<a class=\"elementor-post__thumbnail__link\" href=\"https:\/\/ecobirch.eu\/en\/puit-ja-liimpuitplaadid-looduse-ilu-sinu-kodus\/\" tabindex=\"-1\" ><div class=\"elementor-post__thumbnail\"><img decoding=\"async\" width=\"300\" height=\"169\" src=\"https:\/\/ecobirch.eu\/wp-content\/uploads\/2024\/12\/Ecobirch-soogilaud-vaade-A-02-300x169.jpg\" class=\"attachment-medium size-medium wp-image-15748\" alt=\"Modern dining room with wooden table, black chairs, vase with flowers, and wall art.\" srcset=\"https:\/\/ecobirch.eu\/wp-content\/uploads\/2024\/12\/Ecobirch-soogilaud-vaade-A-02-300x169.jpg 300w, https:\/\/ecobirch.eu\/wp-content\/uploads\/2024\/12\/Ecobirch-soogilaud-vaade-A-02-1024x576.jpg 1024w, https:\/\/ecobirch.eu\/wp-content\/uploads\/2024\/12\/Ecobirch-soogilaud-vaade-A-02-768x432.jpg 768w, https:\/\/ecobirch.eu\/wp-content\/uploads\/2024\/12\/Ecobirch-soogilaud-vaade-A-02-1536x864.jpg 1536w, https:\/\/ecobirch.eu\/wp-content\/uploads\/2024\/12\/Ecobirch-soogilaud-vaade-A-02-2048x1152.jpg 2048w, https:\/\/ecobirch.eu\/wp-content\/uploads\/2024\/12\/Ecobirch-soogilaud-vaade-A-02-18x10.jpg 18w, https:\/\/ecobirch.eu\/wp-content\/uploads\/2024\/12\/Ecobirch-soogilaud-vaade-A-02-scaled.jpg 1920w\" sizes=\"(max-width: 300px) 100vw, 300px\" \/><\/div><\/a>\n\t\t\t\t<div class=\"elementor-post__badge\">inspiration<\/div>\n\t\t\t\t<div class=\"elementor-post__avatar\">\n\t\t\t<img alt='Helerin Tekko' src='https:\/\/ecobirch.eu\/wp-content\/uploads\/2024\/12\/helerin-128x128.png' srcset='https:\/\/ecobirch.eu\/wp-content\/uploads\/2024\/12\/helerin-256x256.png 2x' class='avatar avatar-128 photo' height='128' width='128' \/>\t\t<\/div>\n\t\t\t\t<div class=\"elementor-post__text\">\n\t\t\t\t<h1 class=\"elementor-post__title\">\n\t\t\t<a href=\"https:\/\/ecobirch.eu\/en\/puit-ja-liimpuitplaadid-looduse-ilu-sinu-kodus\/\" >\n\t\t\t\tWood and Glued Laminated Panels: Nature's Beauty in Your Home\t\t\t<\/a>\n\t\t<\/h1>\n\t\t\t\t<\/div>\n\t\t\t\t\t<\/div>\n\t\t<\/article>\n\t\t\t\t<article class=\"elementor-post elementor-grid-item post-13339 post type-post status-publish format-standard has-post-thumbnail hentry category-toostus\" role=\"listitem\">\n\t\t\t<div class=\"elementor-post__card\">\n\t\t\t\t<a class=\"elementor-post__thumbnail__link\" href=\"https:\/\/ecobirch.eu\/en\/jatkusuutlik-puidutoostus\/\" tabindex=\"-1\" ><div class=\"elementor-post__thumbnail\"><img decoding=\"async\" width=\"300\" height=\"200\" src=\"https:\/\/ecobirch.eu\/wp-content\/uploads\/2024\/11\/fcc211c15b4f17695dd6f8bd87549b67-300x200.png\" class=\"attachment-medium size-medium wp-image-14375\" alt=\"puidut\u00f6\u00f6stus\" srcset=\"https:\/\/ecobirch.eu\/wp-content\/uploads\/2024\/11\/fcc211c15b4f17695dd6f8bd87549b67-300x200.png 300w, https:\/\/ecobirch.eu\/wp-content\/uploads\/2024\/11\/fcc211c15b4f17695dd6f8bd87549b67-1024x683.png 1024w, https:\/\/ecobirch.eu\/wp-content\/uploads\/2024\/11\/fcc211c15b4f17695dd6f8bd87549b67-768x512.png 768w, https:\/\/ecobirch.eu\/wp-content\/uploads\/2024\/11\/fcc211c15b4f17695dd6f8bd87549b67-1536x1024.png 1536w, https:\/\/ecobirch.eu\/wp-content\/uploads\/2024\/11\/fcc211c15b4f17695dd6f8bd87549b67-2048x1366.png 2048w, https:\/\/ecobirch.eu\/wp-content\/uploads\/2024\/11\/fcc211c15b4f17695dd6f8bd87549b67-18x12.png 18w, https:\/\/ecobirch.eu\/wp-content\/uploads\/2024\/11\/fcc211c15b4f17695dd6f8bd87549b67.png 1920w\" sizes=\"(max-width: 300px) 100vw, 300px\" \/><\/div><\/a>\n\t\t\t\t<div class=\"elementor-post__badge\">industry<\/div>\n\t\t\t\t<div class=\"elementor-post__avatar\">\n\t\t\t<img alt='Daily Vaher' src='https:\/\/ecobirch.eu\/wp-content\/uploads\/2024\/12\/cropped-IMG_0209-scaled-1-128x128.jpg' srcset='https:\/\/ecobirch.eu\/wp-content\/uploads\/2024\/12\/cropped-IMG_0209-scaled-1-256x256.jpg 2x' class='avatar avatar-128 photo' height='128' width='128' \/>\t\t<\/div>\n\t\t\t\t<div class=\"elementor-post__text\">\n\t\t\t\t<h1 class=\"elementor-post__title\">\n\t\t\t<a href=\"https:\/\/ecobirch.eu\/en\/jatkusuutlik-puidutoostus\/\" >\n\t\t\t\tSustainable Wood Industry\t\t\t<\/a>\n\t\t<\/h1>\n\t\t\t\t<\/div>\n\t\t\t\t\t<\/div>\n\t\t<\/article>\n\t\t\t\t<\/div>\n\t\t\n\t\t\t\t\t\t<\/div>\n\t\t\t\t<\/div>\n\t\t\t\t<div class=\"elementor-element elementor-element-240987a elementor-tablet-align-left elementor-mobile-align-left elementor-widget-tablet__width-inherit elementor-widget-mobile__width-initial elementor-align-center elementor-hidden-desktop elementor-hidden-tablet_extra elementor-hidden-tablet elementor-hidden-mobile elementor-widget elementor-widget-button\" data-id=\"240987a\" data-element_type=\"widget\" data-e-type=\"widget\" data-settings=\"{&quot;_animation_mobile&quot;:&quot;none&quot;}\" data-widget_type=\"button.default\">\n\t\t\t\t<div class=\"elementor-widget-container\">\n\t\t\t\t\t\t\t\t\t<div class=\"elementor-button-wrapper\">\n\t\t\t\t\t<a class=\"elementor-button elementor-size-sm elementor-animation-grow\" role=\"button\">\n\t\t\t\t\t\t<span class=\"elementor-button-content-wrapper\">\n\t\t\t\t\t\t\t\t\t<span class=\"elementor-button-text\">See More<\/span>\n\t\t\t\t\t<\/span>\n\t\t\t\t\t<\/a>\n\t\t\t\t<\/div>\n\t\t\t\t\t\t\t\t<\/div>\n\t\t\t\t<\/div>\n\t\t\t\t<\/div>\n\t\t\t\t\t<\/div>\n\t\t\t\t<\/div>\n\t\t\t\t\t<\/div>\n\t\t\t\t<\/div>\n\t\t\t\t<\/div>","protected":false},"excerpt":{"rendered":"<p>Artiklid Jagame nippe, inspiratsiooni, r\u00e4\u00e4gime trendidest, t\u00f6\u00f6stusharust ja meie inimestest Vaata rohkem<\/p>","protected":false},"author":1,"featured_media":17350,"parent":0,"menu_order":0,"comment_status":"closed","ping_status":"closed","template":"","meta":{"_acf_changed":false,"footnotes":""},"class_list":["post-13972","page","type-page","status-publish","has-post-thumbnail","hentry"],"acf":[],"_links":{"self":[{"href":"https:\/\/ecobirch.eu\/en\/wp-json\/wp\/v2\/pages\/13972","targetHints":{"allow":["GET"]}}],"collection":[{"href":"https:\/\/ecobirch.eu\/en\/wp-json\/wp\/v2\/pages"}],"about":[{"href":"https:\/\/ecobirch.eu\/en\/wp-json\/wp\/v2\/types\/page"}],"author":[{"embeddable":true,"href":"https:\/\/ecobirch.eu\/en\/wp-json\/wp\/v2\/users\/1"}],"replies":[{"embeddable":true,"href":"https:\/\/ecobirch.eu\/en\/wp-json\/wp\/v2\/comments?post=13972"}],"version-history":[{"count":0,"href":"https:\/\/ecobirch.eu\/en\/wp-json\/wp\/v2\/pages\/13972\/revisions"}],"wp:featuredmedia":[{"embeddable":true,"href":"https:\/\/ecobirch.eu\/en\/wp-json\/wp\/v2\/media\/17350"}],"wp:attachment":[{"href":"https:\/\/ecobirch.eu\/en\/wp-json\/wp\/v2\/media?parent=13972"}],"curies":[{"name":"wp","href":"https:\/\/api.w.org\/{rel}","templated":true}]}}